{"id":15,"date":"2019-03-25T09:31:47","date_gmt":"2019-03-25T06:31:47","guid":{"rendered":"http:\/\/baykurthukukburosu.com.tr\/?page_id=15"},"modified":"2023-09-25T08:55:18","modified_gmt":"2023-09-25T05:55:18","slug":"ekibimiz","status":"publish","type":"page","link":"http:\/\/www.baykurthukukburosu.com.tr\/tr\/ekibimiz\/","title":{"rendered":"Ekibimiz"},"content":{"rendered":"\t\t<div data-elementor-type=\"wp-post\" data-elementor-id=\"15\" class=\"elementor elementor-15\">\n\t\t\t\t\t\t\t\t\t<section class=\"elementor-section elementor-top-section elementor-element elementor-element-3ef3ddac elementor-section-boxed elementor-section-height-default elementor-section-height-default\" data-id=\"3ef3ddac\" data-element_type=\"section\" data-settings=\"{&quot;background_background&quot;:&quot;classic&quot;}\">\n\t\t\t\t\t\t<div class=\"elementor-container elementor-column-gap-default\">\n\t\t\t\t\t<div class=\"elementor-column elementor-col-100 elementor-top-column elementor-element elementor-element-431b1e79\" data-id=\"431b1e79\" data-element_type=\"column\">\n\t\t\t<div class=\"elementor-widget-wrap elementor-element-populated\">\n\t\t\t\t\t\t\t\t<section class=\"elementor-section elementor-inner-section elementor-element elementor-element-579c8241 elementor-section-boxed elementor-section-height-default elementor-section-height-default\" data-id=\"579c8241\" data-element_type=\"section\">\n\t\t\t\t\t\t<div class=\"elementor-container elementor-column-gap-default\">\n\t\t\t\t\t<div class=\"elementor-column elementor-col-100 elementor-inner-column elementor-element elementor-element-1a7ea110\" data-id=\"1a7ea110\" data-element_type=\"column\">\n\t\t\t<div class=\"elementor-widget-wrap elementor-element-populated\">\n\t\t\t\t\t\t\t\t<div class=\"elementor-element elementor-element-48d4f005 elementor-position-top elementor-widget elementor-widget-image-box\" data-id=\"48d4f005\" data-element_type=\"widget\" data-widget_type=\"image-box.default\">\n\t\t\t\t<div class=\"elementor-widget-container\">\n\t\t\t<div class=\"elementor-image-box-wrapper\"><figure class=\"elementor-image-box-img\"><img fetchpriority=\"high\" decoding=\"async\" width=\"1024\" height=\"676\" src=\"http:\/\/www.baykurthukukburosu.com.tr\/tr\/wp-content\/uploads\/2022\/04\/emre-baykurt.jpg\" class=\"attachment-full size-full wp-image-124\" alt=\"\" srcset=\"http:\/\/www.baykurthukukburosu.com.tr\/tr\/wp-content\/uploads\/2022\/04\/emre-baykurt.jpg 1024w, http:\/\/www.baykurthukukburosu.com.tr\/tr\/wp-content\/uploads\/2022\/04\/emre-baykurt-300x198.jpg 300w, http:\/\/www.baykurthukukburosu.com.tr\/tr\/wp-content\/uploads\/2022\/04\/emre-baykurt-768x507.jpg 768w\" sizes=\"(max-width: 1024px) 100vw, 1024px\" \/><\/figure><div class=\"elementor-image-box-content\"><h3 class=\"elementor-image-box-title\">Av. Emre Baykurt<\/h3><p class=\"elementor-image-box-description\">Emre Baykurt, Baykurt Hukuk B\u00fcrosu\u2019nun kurucusu olup; 2005 y\u0131l\u0131nda Ba\u015fkent \u00dcniversitesi Hukuk Fak\u00fcltesi\u2019nden mezun olmu\u015ftur. 2006 y\u0131l\u0131nda Ankara Barosu\u2019nda Avukatl\u0131k staj\u0131n\u0131 tamamlad\u0131ktan sonra 2007-2013 y\u0131llar\u0131 aras\u0131nda Ankara\u2019da bulunan bir Hukuk B\u00fcrosunda \u0130\u015f hukuku ve Ticaret hukuku alanlar\u0131nda k\u0131demli Avukat olarak \u00e7al\u0131\u015fm\u0131\u015ft\u0131r. <br>\n2014 y\u0131l\u0131ndan bu yana kurucusu ve y\u00f6neticisi oldu\u011fu Baykurt Hukuk B\u00fcrosunda ba\u015fta \u0130\u015f ve Sosyal G\u00fcvenlik Hukuku olmak \u00fczere, \u015eirketler hukuku, Ticaret hukuku, Aile hukuku, \u0130cra \u0130flas  Hukuku ve Gayrimenkul hukuku ile ilgili alanlarda hukuki dan\u0131\u015fmanl\u0131k hizmeti vermekte olan Av. Emre Baykurt, ileri d\u00fczeyde mesleki \u0130ngilizce bilgisine sahiptir. \n<\/p><\/div><\/div>\t\t<\/div>\n\t\t\t\t<\/div>\n\t\t\t\t\t<\/div>\n\t\t<\/div>\n\t\t\t\t\t\t\t<\/div>\n\t\t<\/section>\n\t\t\t\t<section class=\"elementor-section elementor-inner-section elementor-element elementor-element-8e00e7c elementor-section-boxed elementor-section-height-default elementor-section-height-default\" data-id=\"8e00e7c\" data-element_type=\"section\">\n\t\t\t\t\t\t<div class=\"elementor-container elementor-column-gap-default\">\n\t\t\t\t\t<div class=\"elementor-column elementor-col-50 elementor-inner-column elementor-element elementor-element-53c0e74\" data-id=\"53c0e74\" data-element_type=\"column\">\n\t\t\t<div class=\"elementor-widget-wrap elementor-element-populated\">\n\t\t\t\t\t\t\t\t<div class=\"elementor-element elementor-element-9653c8d elementor-position-top elementor-widget elementor-widget-image-box\" data-id=\"9653c8d\" data-element_type=\"widget\" data-widget_type=\"image-box.default\">\n\t\t\t\t<div class=\"elementor-widget-container\">\n\t\t\t<div class=\"elementor-image-box-wrapper\"><figure class=\"elementor-image-box-img\"><img decoding=\"async\" width=\"1920\" height=\"1272\" src=\"http:\/\/www.baykurthukukburosu.com.tr\/tr\/wp-content\/uploads\/2019\/03\/hakkimizda-3-1.jpg\" class=\"attachment-full size-full wp-image-34\" alt=\"\" srcset=\"http:\/\/www.baykurthukukburosu.com.tr\/tr\/wp-content\/uploads\/2019\/03\/hakkimizda-3-1.jpg 1920w, http:\/\/www.baykurthukukburosu.com.tr\/tr\/wp-content\/uploads\/2019\/03\/hakkimizda-3-1-300x199.jpg 300w, http:\/\/www.baykurthukukburosu.com.tr\/tr\/wp-content\/uploads\/2019\/03\/hakkimizda-3-1-768x509.jpg 768w, http:\/\/www.baykurthukukburosu.com.tr\/tr\/wp-content\/uploads\/2019\/03\/hakkimizda-3-1-1024x678.jpg 1024w\" sizes=\"(max-width: 1920px) 100vw, 1920px\" \/><\/figure><div class=\"elementor-image-box-content\"><h3 class=\"elementor-image-box-title\">Meliha Sivas<\/h3><p class=\"elementor-image-box-description\">Meliha Sivas 1983 Ankara do\u011fumludur. Ayd\u0131nl\u0131kevler Ticaret Meslek Lisesi Mezunu olan Sivas 2015 y\u0131l\u0131ndan bu yana b\u00fcromuzda Y\u00f6netici Asistan\u0131 olarak \u00e7al\u0131\u015fmaktad\u0131r. <\/p><\/div><\/div>\t\t<\/div>\n\t\t\t\t<\/div>\n\t\t\t\t\t<\/div>\n\t\t<\/div>\n\t\t\t\t<div class=\"elementor-column elementor-col-50 elementor-inner-column elementor-element elementor-element-5d672bc\" data-id=\"5d672bc\" data-element_type=\"column\">\n\t\t\t<div class=\"elementor-widget-wrap elementor-element-populated\">\n\t\t\t\t\t\t\t\t<div class=\"elementor-element elementor-element-a8c2a38 elementor-widget elementor-widget-image-box\" data-id=\"a8c2a38\" data-element_type=\"widget\" data-widget_type=\"image-box.default\">\n\t\t\t\t<div class=\"elementor-widget-container\">\n\t\t\t<div class=\"elementor-image-box-wrapper\"><\/div>\t\t<\/div>\n\t\t\t\t<\/div>\n\t\t\t\t\t<\/div>\n\t\t<\/div>\n\t\t\t\t\t\t\t<\/div>\n\t\t<\/section>\n\t\t\t\t\t<\/div>\n\t\t<\/div>\n\t\t\t\t\t\t\t<\/div>\n\t\t<\/section>\n\t\t\t\t\t\t\t<\/div>\n\t\t","protected":false},"excerpt":{"rendered":"<p>Av. Emre Baykurt Emre Baykurt, Baykurt Hukuk B\u00fcrosu\u2019nun kurucusu olup; 2005 y\u0131l\u0131nda Ba\u015fkent \u00dcniversitesi Hukuk Fak\u00fcltesi\u2019nden mezun olmu\u015ftur. 2006 y\u0131l\u0131nda Ankara Barosu\u2019nda Avukatl\u0131k staj\u0131n\u0131 tamamlad\u0131ktan sonra 2007-2013 y\u0131llar\u0131 aras\u0131nda Ankara\u2019da bulunan bir Hukuk B\u00fcrosunda \u0130\u015f hukuku ve Ticaret hukuku alanlar\u0131nda k\u0131demli Avukat olarak \u00e7al\u0131\u015fm\u0131\u015ft\u0131r. 2014 y\u0131l\u0131ndan bu yana kurucusu ve y\u00f6neticisi oldu\u011fu Baykurt Hukuk B\u00fcrosunda [&hellip;]<\/p>\n","protected":false},"author":1,"featured_media":0,"parent":0,"menu_order":0,"comment_status":"closed","ping_status":"closed","template":"","meta":[],"_links":{"self":[{"href":"http:\/\/www.baykurthukukburosu.com.tr\/tr\/wp-json\/wp\/v2\/pages\/15"}],"collection":[{"href":"http:\/\/www.baykurthukukburosu.com.tr\/tr\/wp-json\/wp\/v2\/pages"}],"about":[{"href":"http:\/\/www.baykurthukukburosu.com.tr\/tr\/wp-json\/wp\/v2\/types\/page"}],"author":[{"embeddable":true,"href":"http:\/\/www.baykurthukukburosu.com.tr\/tr\/wp-json\/wp\/v2\/users\/1"}],"replies":[{"embeddable":true,"href":"http:\/\/www.baykurthukukburosu.com.tr\/tr\/wp-json\/wp\/v2\/comments?post=15"}],"version-history":[{"count":16,"href":"http:\/\/www.baykurthukukburosu.com.tr\/tr\/wp-json\/wp\/v2\/pages\/15\/revisions"}],"predecessor-version":[{"id":138,"href":"http:\/\/www.baykurthukukburosu.com.tr\/tr\/wp-json\/wp\/v2\/pages\/15\/revisions\/138"}],"wp:attachment":[{"href":"http:\/\/www.baykurthukukburosu.com.tr\/tr\/wp-json\/wp\/v2\/media?parent=15"}],"curies":[{"name":"wp","href":"https:\/\/api.w.org\/{rel}","templated":true}]}}