{"id":45,"date":"2019-03-25T11:02:46","date_gmt":"2019-03-25T08:02:46","guid":{"rendered":"http:\/\/baykurthukukburosu.com.tr\/?page_id=45"},"modified":"2019-03-25T11:02:47","modified_gmt":"2019-03-25T08:02:47","slug":"sirketler-hukuku-ticaret-hukuku","status":"publish","type":"page","link":"http:\/\/www.baykurthukukburosu.com.tr\/tr\/sirketler-hukuku-ticaret-hukuku\/","title":{"rendered":"\u015eirketler Hukuku &#038; Ticaret Hukuku"},"content":{"rendered":"<div id=\"pl-45\"  class=\"panel-layout\" ><div id=\"pg-45-0\"  class=\"panel-grid panel-no-style\" ><div id=\"pgc-45-0-0\"  class=\"panel-grid-cell\" ><div id=\"panel-45-0-0-0\" class=\"so-panel widget widget_sow-editor panel-first-child panel-last-child\" data-index=\"0\" ><div\n\t\t\t\n\t\t\tclass=\"so-widget-sow-editor so-widget-sow-editor-base\"\n\t\t\t\n\t\t>\n<div class=\"siteorigin-widget-tinymce textwidget\">\n\t<p align=\"justify\">\n<p align=\"justify\"><span style=\"font-family: Arial, serif;\"><span style=\"font-size: medium;\">B\u00fcromuz, m\u00fcvekkillerine kurumsal ve ticari konularda hukuki dan\u0131\u015fmanl\u0131k hizmeti vermekte; \u015firketlerin kurulu\u015fu, \u015fube ve irtibat b\u00fcrolar\u0131n\u0131n a\u00e7\u0131l\u0131\u015f\u0131, hukuki yap\u0131lar\u0131n\u0131n g\u00fcncel mevzuata uygun olarak d\u00fczenlenmesi, kurumsal kimliklerinin olu\u015fturulmas\u0131, y\u00f6netim kurullar\u0131 ve genel kurullar\u0131n toplanarak kararlar\u0131n yaz\u0131lmas\u0131, \u015firket temsilinin ve imza sirk\u00fclerinin olu\u015fturulmas\u0131, hisse devirleri, hisse devir s\u00f6zle\u015fmelerinin; ticari hayat\u0131n her alan\u0131nda ihtiya\u00e7 duyulan s\u00f6zle\u015fmeleri haz\u0131rlanmas\u0131 ba\u015fta olmak \u00fczere \u015firketlerin y\u00f6netim, yap\u0131lanma ve ticari faaliyetlerine ili\u015fkin t\u00fcm hukuki hizmetleri sunmaktad\u0131r.<\/span><\/span><\/p>\n<p align=\"justify\">\n<p align=\"justify\"><span style=\"font-family: Arial, serif;\"><span style=\"font-size: medium;\"><b>T\u0130CAR\u0130 S\u00d6ZLE\u015eMELER:<\/b><\/span><\/span><\/p>\n<p align=\"justify\"><span style=\"font-family: Arial, serif;\"><span style=\"font-size: medium;\">B\u00fcromuz,<\/span><\/span><b> <\/b><span style=\"font-family: Arial, serif;\"><span style=\"font-size: medium;\">kurumsal kimli\u011fe sahip m\u00fcvekkillerimizin taraf oldu\u011fu yerel veya uluslararas\u0131 her t\u00fcrl\u00fc ticari s\u00f6zle\u015fmelerin haz\u0131rlanmas\u0131; m\u00fczakere edilmesi, taraflar\u0131n hak ve menfaatlerine en uygun \u00e7\u00f6z\u00fcmlerin yarat\u0131lmas\u0131 hususunda avukatl\u0131k hizmeti vermektedir. M\u00fcvekkillerimizin ticari ama\u00e7lar\u0131na ula\u015fmalar\u0131n\u0131 sa\u011flayacak verimli sonu\u00e7lar\u0131 elde edebilmek amac\u0131yla; uyu\u015fmazl\u0131klar\u0131n \u00e7\u00f6z\u00fcm\u00fc m\u00fczakerelerinin y\u00fcr\u00fct\u00fclmesi, alternatif uyu\u015fmazl\u0131k \u00e7\u00f6z\u00fcm\u00fc y\u00f6ntemleri veya dava takibi yolu se\u00e7ilmektedir.<\/span><\/span><\/p>\n<\/div>\n<\/div><\/div><\/div><div id=\"pgc-45-0-1\"  class=\"panel-grid-cell\" ><div id=\"panel-45-0-1-0\" class=\"so-panel widget widget_sow-image panel-first-child panel-last-child\" data-index=\"1\" ><div\n\t\t\t\n\t\t\tclass=\"so-widget-sow-image so-widget-sow-image-default-8b5b6f678277-45\"\n\t\t\t\n\t\t>\n<div class=\"sow-image-container\">\n\t\t<img \n\tsrc=\"http:\/\/www.baykurthukukburosu.com.tr\/tr\/wp-content\/uploads\/2019\/03\/anasayfa-hakkimizda.jpg\" width=\"1000\" height=\"664\" srcset=\"http:\/\/www.baykurthukukburosu.com.tr\/tr\/wp-content\/uploads\/2019\/03\/anasayfa-hakkimizda.jpg 1000w, http:\/\/www.baykurthukukburosu.com.tr\/tr\/wp-content\/uploads\/2019\/03\/anasayfa-hakkimizda-300x199.jpg 300w, http:\/\/www.baykurthukukburosu.com.tr\/tr\/wp-content\/uploads\/2019\/03\/anasayfa-hakkimizda-768x510.jpg 768w, http:\/\/www.baykurthukukburosu.com.tr\/tr\/wp-content\/uploads\/2019\/03\/anasayfa-hakkimizda-272x182.jpg 272w\" sizes=\"(max-width: 1000px) 100vw, 1000px\" alt=\"\" \t\tclass=\"so-widget-image\"\/>\n\t<\/div>\n\n<\/div><\/div><\/div><\/div><\/div>","protected":false},"excerpt":{"rendered":"<p>B\u00fcromuz, m\u00fcvekkillerine kurumsal ve ticari konularda hukuki dan\u0131\u015fmanl\u0131k hizmeti vermekte; \u015firketlerin kurulu\u015fu, \u015fube ve irtibat b\u00fcrolar\u0131n\u0131n a\u00e7\u0131l\u0131\u015f\u0131, hukuki yap\u0131lar\u0131n\u0131n g\u00fcncel mevzuata uygun olarak d\u00fczenlenmesi, kurumsal kimliklerinin olu\u015fturulmas\u0131, y\u00f6netim kurullar\u0131 ve genel kurullar\u0131n toplanarak kararlar\u0131n yaz\u0131lmas\u0131, \u015firket temsilinin ve imza sirk\u00fclerinin olu\u015fturulmas\u0131, hisse devirleri, hisse devir s\u00f6zle\u015fmelerinin; ticari hayat\u0131n her alan\u0131nda ihtiya\u00e7 duyulan s\u00f6zle\u015fmeleri haz\u0131rlanmas\u0131 ba\u015fta [&hellip;]<\/p>\n","protected":false},"author":1,"featured_media":0,"parent":0,"menu_order":0,"comment_status":"closed","ping_status":"closed","template":"","meta":[],"_links":{"self":[{"href":"http:\/\/www.baykurthukukburosu.com.tr\/tr\/wp-json\/wp\/v2\/pages\/45"}],"collection":[{"href":"http:\/\/www.baykurthukukburosu.com.tr\/tr\/wp-json\/wp\/v2\/pages"}],"about":[{"href":"http:\/\/www.baykurthukukburosu.com.tr\/tr\/wp-json\/wp\/v2\/types\/page"}],"author":[{"embeddable":true,"href":"http:\/\/www.baykurthukukburosu.com.tr\/tr\/wp-json\/wp\/v2\/users\/1"}],"replies":[{"embeddable":true,"href":"http:\/\/www.baykurthukukburosu.com.tr\/tr\/wp-json\/wp\/v2\/comments?post=45"}],"version-history":[{"count":2,"href":"http:\/\/www.baykurthukukburosu.com.tr\/tr\/wp-json\/wp\/v2\/pages\/45\/revisions"}],"predecessor-version":[{"id":48,"href":"http:\/\/www.baykurthukukburosu.com.tr\/tr\/wp-json\/wp\/v2\/pages\/45\/revisions\/48"}],"wp:attachment":[{"href":"http:\/\/www.baykurthukukburosu.com.tr\/tr\/wp-json\/wp\/v2\/media?parent=45"}],"curies":[{"name":"wp","href":"https:\/\/api.w.org\/{rel}","templated":true}]}}