{"id":49,"date":"2019-03-25T11:10:28","date_gmt":"2019-03-25T08:10:28","guid":{"rendered":"http:\/\/baykurthukukburosu.com.tr\/?page_id=49"},"modified":"2019-03-25T11:13:43","modified_gmt":"2019-03-25T08:13:43","slug":"is-ve-sosyal-guvenlik-hukuku","status":"publish","type":"page","link":"http:\/\/www.baykurthukukburosu.com.tr\/tr\/is-ve-sosyal-guvenlik-hukuku\/","title":{"rendered":"\u0130\u015f ve Sosyal G\u00fcvenlik Hukuku"},"content":{"rendered":"<div id=\"pl-49\"  class=\"panel-layout\" ><div id=\"pg-49-0\"  class=\"panel-grid panel-no-style\" ><div id=\"pgc-49-0-0\"  class=\"panel-grid-cell\" ><div id=\"panel-49-0-0-0\" class=\"so-panel widget widget_sow-editor panel-first-child panel-last-child\" data-index=\"0\" ><div\n\t\t\t\n\t\t\tclass=\"so-widget-sow-editor so-widget-sow-editor-base\"\n\t\t\t\n\t\t>\n<div class=\"siteorigin-widget-tinymce textwidget\">\n\t<p>&nbsp;<\/p>\n<p align=\"justify\">\n<p align=\"justify\"><span style=\"font-family: Times New Roman, serif;\"><span style=\"font-size: medium;\"><span style=\"font-family: Arial, serif;\">B\u00fcromuz, T\u00fcrk \u0130\u015f hukuku alan\u0131nda g\u00fcn\u00fcm\u00fcz i\u015f ve \u00e7al\u0131\u015fma hayat\u0131ndaki mevzuat de\u011fi\u015fikliklerini ve \u00e7al\u0131\u015fma hayat\u0131n\u0131n dinamiklerini yak\u0131ndan takip ederek, m\u00fcvekkillerine gerek bireysel gerekse toplu i\u015f hukukundan do\u011fan ihtilaflar\u0131n \u00e7\u00f6z\u00fcm\u00fc; her t\u00fcrl\u00fc hukuki g\u00f6r\u00fc\u015f\u00fcn sunulmas\u0131, i\u015f\u00e7i-i\u015fveren ili\u015fkisinin temelini olu\u015fturan i\u015f s\u00f6zle\u015fmelerinin haz\u0131rlanmas\u0131; \u00e7al\u0131\u015fanlar\u0131 ve i\u015fverenleri temsil ederek i\u015f ve sosyal g\u00fcvenlik hukukuna ili\u015fkin t\u00fcm konularda hukuki hizmet vermektedir. <\/span><\/span><\/span><\/p>\n<\/div>\n<\/div><\/div><\/div><div id=\"pgc-49-0-1\"  class=\"panel-grid-cell\" ><div id=\"panel-49-0-1-0\" class=\"so-panel widget widget_sow-image panel-first-child panel-last-child\" data-index=\"1\" ><div\n\t\t\t\n\t\t\tclass=\"so-widget-sow-image so-widget-sow-image-default-8b5b6f678277-49\"\n\t\t\t\n\t\t>\n<div class=\"sow-image-container\">\n\t\t<img \n\tsrc=\"http:\/\/www.baykurthukukburosu.com.tr\/tr\/wp-content\/uploads\/2019\/03\/construction-2578410_640.jpg\" width=\"640\" height=\"426\" srcset=\"http:\/\/www.baykurthukukburosu.com.tr\/tr\/wp-content\/uploads\/2019\/03\/construction-2578410_640.jpg 640w, http:\/\/www.baykurthukukburosu.com.tr\/tr\/wp-content\/uploads\/2019\/03\/construction-2578410_640-300x200.jpg 300w, http:\/\/www.baykurthukukburosu.com.tr\/tr\/wp-content\/uploads\/2019\/03\/construction-2578410_640-272x182.jpg 272w\" sizes=\"(max-width: 640px) 100vw, 640px\" alt=\"\" \t\tclass=\"so-widget-image\"\/>\n\t<\/div>\n\n<\/div><\/div><\/div><\/div><\/div>","protected":false},"excerpt":{"rendered":"<p>&nbsp; B\u00fcromuz, T\u00fcrk \u0130\u015f hukuku alan\u0131nda g\u00fcn\u00fcm\u00fcz i\u015f ve \u00e7al\u0131\u015fma hayat\u0131ndaki mevzuat de\u011fi\u015fikliklerini ve \u00e7al\u0131\u015fma hayat\u0131n\u0131n dinamiklerini yak\u0131ndan takip ederek, m\u00fcvekkillerine gerek bireysel gerekse toplu i\u015f hukukundan do\u011fan ihtilaflar\u0131n \u00e7\u00f6z\u00fcm\u00fc; her t\u00fcrl\u00fc hukuki g\u00f6r\u00fc\u015f\u00fcn sunulmas\u0131, i\u015f\u00e7i-i\u015fveren ili\u015fkisinin temelini olu\u015fturan i\u015f s\u00f6zle\u015fmelerinin haz\u0131rlanmas\u0131; \u00e7al\u0131\u015fanlar\u0131 ve i\u015fverenleri temsil ederek i\u015f ve sosyal g\u00fcvenlik hukukuna ili\u015fkin t\u00fcm konularda [&hellip;]<\/p>\n","protected":false},"author":1,"featured_media":0,"parent":0,"menu_order":0,"comment_status":"closed","ping_status":"closed","template":"","meta":[],"_links":{"self":[{"href":"http:\/\/www.baykurthukukburosu.com.tr\/tr\/wp-json\/wp\/v2\/pages\/49"}],"collection":[{"href":"http:\/\/www.baykurthukukburosu.com.tr\/tr\/wp-json\/wp\/v2\/pages"}],"about":[{"href":"http:\/\/www.baykurthukukburosu.com.tr\/tr\/wp-json\/wp\/v2\/types\/page"}],"author":[{"embeddable":true,"href":"http:\/\/www.baykurthukukburosu.com.tr\/tr\/wp-json\/wp\/v2\/users\/1"}],"replies":[{"embeddable":true,"href":"http:\/\/www.baykurthukukburosu.com.tr\/tr\/wp-json\/wp\/v2\/comments?post=49"}],"version-history":[{"count":8,"href":"http:\/\/www.baykurthukukburosu.com.tr\/tr\/wp-json\/wp\/v2\/pages\/49\/revisions"}],"predecessor-version":[{"id":59,"href":"http:\/\/www.baykurthukukburosu.com.tr\/tr\/wp-json\/wp\/v2\/pages\/49\/revisions\/59"}],"wp:attachment":[{"href":"http:\/\/www.baykurthukukburosu.com.tr\/tr\/wp-json\/wp\/v2\/media?parent=49"}],"curies":[{"name":"wp","href":"https:\/\/api.w.org\/{rel}","templated":true}]}}