{"id":5,"date":"2019-03-22T12:08:03","date_gmt":"2019-03-22T09:08:03","guid":{"rendered":"http:\/\/baykurthukukburosu.com.tr\/?page_id=5"},"modified":"2021-06-16T16:28:08","modified_gmt":"2021-06-16T13:28:08","slug":"hakkimizda","status":"publish","type":"page","link":"http:\/\/www.baykurthukukburosu.com.tr\/tr\/hakkimizda\/","title":{"rendered":"Hakk\u0131m\u0131zda"},"content":{"rendered":"<div id=\"pl-5\"  class=\"panel-layout\" ><div id=\"pg-5-0\"  class=\"panel-grid panel-no-style\" ><div id=\"pgc-5-0-0\"  class=\"panel-grid-cell\" ><div id=\"panel-5-0-0-0\" class=\"so-panel widget widget_sow-editor panel-first-child\" data-index=\"0\" ><div\n\t\t\t\n\t\t\tclass=\"so-widget-sow-editor so-widget-sow-editor-base\"\n\t\t\t\n\t\t>\n<div class=\"siteorigin-widget-tinymce textwidget\">\n\t<div id=\"metaslider-id-114\" style=\"width: 100%;\" class=\"ml-slider-3-108-0 metaslider metaslider-flex metaslider-114 ml-slider ms-theme-default nav-hidden\" role=\"region\" aria-label=\"New Slideshow\" data-height=\"370\" data-width=\"1200\">\n    <div id=\"metaslider_container_114\">\n        <div id=\"metaslider_114\">\n            <ul class='slides'>\n                <li style=\"display: block; width: 100%;\" class=\"slide-128 ms-image \" aria-roledescription=\"slide\" data-date=\"2022-04-22 17:43:13\" data-filename=\"emrebaykurt-1024x315.jpg\" data-slide-type=\"image\"><img src=\"http:\/\/www.baykurthukukburosu.com.tr\/tr\/wp-content\/uploads\/2022\/04\/emrebaykurt-1024x315.jpg\" height=\"370\" width=\"1200\" alt=\"\" class=\"slider-114 slide-128 msDefaultImage\" \/><\/li>\n                <li style=\"display: none; width: 100%;\" class=\"slide-117 ms-image \" aria-roledescription=\"slide\" data-date=\"2021-06-16 16:26:29\" data-filename=\"hakkimizda-3-1-1200x370.jpg\" data-slide-type=\"image\"><img src=\"http:\/\/www.baykurthukukburosu.com.tr\/tr\/wp-content\/uploads\/2019\/03\/hakkimizda-3-1-1200x370.jpg\" height=\"370\" width=\"1200\" alt=\"\" class=\"slider-114 slide-117 msDefaultImage\" \/><\/li>\n            <\/ul>\n        <\/div>\n        \n    <\/div>\n<\/div>\n<\/div>\n<\/div><\/div><div id=\"panel-5-0-0-1\" class=\"so-panel widget widget_sow-editor\" data-index=\"1\" ><div\n\t\t\t\n\t\t\tclass=\"so-widget-sow-editor so-widget-sow-editor-base\"\n\t\t\t\n\t\t>\n<div class=\"siteorigin-widget-tinymce textwidget\">\n\t<div>2014 y\u0131l\u0131nda Av. Emre Baykurt taraf\u0131ndan Ankara\u2019da kurulmu\u015f olan Baykurt Hukuk B\u00fcrosu alan\u0131nda yeti\u015fmi\u015f uzman ekibiyle birlikte \u015eirketler hukuku, Ticaret hukuku, Ticari s\u00f6zle\u015fmeler, \u0130\u015f ve Sosyal G\u00fcvenlik hukuku, Ceza hukuku, Gayrimenkul hukuku, \u0130cra ve \u0130flas hukuku, Aile Hukuku, Fikri M\u00fclkiyet hukuku ve T\u00fcketici hukuku ba\u015fta olmak \u00fczere i\u015f d\u00fcnyas\u0131n\u0131n gereksinim duydu\u011fu t\u00fcm alanlarda avukatl\u0131k ve dan\u0131\u015fmanl\u0131k hizmeti vermektedir.<\/div>\n<div><\/div>\n<div>B\u00fcromuz avukatlar\u0131 hukuki dok\u00fcmanlar\u0131n haz\u0131rlanmas\u0131, her t\u00fcrl\u00fc yaz\u0131\u015fma ve m\u00fczakerelerde yabanc\u0131 dil olarak \u0130ngilizceyi en ileri seviyede kullanmaktad\u0131r.<\/div>\n<div><\/div>\n<div>Baykurt Hukuk B\u00fcrosu, sa\u011flad\u0131\u011f\u0131 hukuki hizmeti gerek ulusal gerekse uluslararas\u0131 gereksinimlerin kar\u015f\u0131lanmas\u0131 ve kalite s\u00fcreklili\u011finin sa\u011flanmas\u0131 i\u00e7in ulusal ve uluslararas\u0131 hukuki ve finansal geli\u015fmeleri yak\u0131ndan takip etmekte; b\u00f6ylece m\u00fcvekkillerin taleplerine h\u0131zl\u0131 bir \u015fekilde cevap vererek zaman a\u00e7\u0131s\u0131ndan en verimli \u015fekilde hizmet sunmakta ve m\u00fcvekkillerinin gerek T\u00fcrkiye\u2019nin farkl\u0131 b\u00f6lgelerindeki gerekse yabanc\u0131 \u00fclkelerdeki i\u015f ba\u011flant\u0131lar\u0131nda kar\u015f\u0131la\u015ft\u0131klar\u0131 hukuki hizmet ihtiya\u00e7lar\u0131n\u0131 etkin ve koordineli bir \u015fekilde kar\u015f\u0131layabilmektedir.<\/div>\n<div><\/div>\n<div><\/div>\n<div><\/div>\n<\/div>\n<\/div><\/div><div id=\"panel-5-0-0-2\" class=\"so-panel widget widget_sow-editor panel-last-child\" data-index=\"2\" ><div\n\t\t\t\n\t\t\tclass=\"so-widget-sow-editor so-widget-sow-editor-base\"\n\t\t\t\n\t\t>\n<div class=\"siteorigin-widget-tinymce textwidget\">\n\t<p>&nbsp;<\/p>\n<p>&nbsp;<\/p>\n<\/div>\n<\/div><\/div><\/div><\/div><\/div>","protected":false},"excerpt":{"rendered":"<p>2014 y\u0131l\u0131nda Av. Emre Baykurt taraf\u0131ndan Ankara\u2019da kurulmu\u015f olan Baykurt Hukuk B\u00fcrosu alan\u0131nda yeti\u015fmi\u015f uzman ekibiyle birlikte \u015eirketler hukuku, Ticaret hukuku, Ticari s\u00f6zle\u015fmeler, \u0130\u015f ve Sosyal G\u00fcvenlik hukuku, Ceza hukuku, Gayrimenkul hukuku, \u0130cra ve \u0130flas hukuku, Aile Hukuku, Fikri M\u00fclkiyet hukuku ve T\u00fcketici hukuku ba\u015fta olmak \u00fczere i\u015f d\u00fcnyas\u0131n\u0131n gereksinim duydu\u011fu t\u00fcm alanlarda avukatl\u0131k ve [&hellip;]<\/p>\n","protected":false},"author":1,"featured_media":0,"parent":0,"menu_order":0,"comment_status":"closed","ping_status":"closed","template":"","meta":[],"_links":{"self":[{"href":"http:\/\/www.baykurthukukburosu.com.tr\/tr\/wp-json\/wp\/v2\/pages\/5"}],"collection":[{"href":"http:\/\/www.baykurthukukburosu.com.tr\/tr\/wp-json\/wp\/v2\/pages"}],"about":[{"href":"http:\/\/www.baykurthukukburosu.com.tr\/tr\/wp-json\/wp\/v2\/types\/page"}],"author":[{"embeddable":true,"href":"http:\/\/www.baykurthukukburosu.com.tr\/tr\/wp-json\/wp\/v2\/users\/1"}],"replies":[{"embeddable":true,"href":"http:\/\/www.baykurthukukburosu.com.tr\/tr\/wp-json\/wp\/v2\/comments?post=5"}],"version-history":[{"count":10,"href":"http:\/\/www.baykurthukukburosu.com.tr\/tr\/wp-json\/wp\/v2\/pages\/5\/revisions"}],"predecessor-version":[{"id":118,"href":"http:\/\/www.baykurthukukburosu.com.tr\/tr\/wp-json\/wp\/v2\/pages\/5\/revisions\/118"}],"wp:attachment":[{"href":"http:\/\/www.baykurthukukburosu.com.tr\/tr\/wp-json\/wp\/v2\/media?parent=5"}],"curies":[{"name":"wp","href":"https:\/\/api.w.org\/{rel}","templated":true}]}}