{"id":60,"date":"2019-03-25T11:20:11","date_gmt":"2019-03-25T08:20:11","guid":{"rendered":"http:\/\/baykurthukukburosu.com.tr\/?page_id=60"},"modified":"2019-03-29T12:01:53","modified_gmt":"2019-03-29T09:01:53","slug":"gayrimenkul-hukuku","status":"publish","type":"page","link":"http:\/\/www.baykurthukukburosu.com.tr\/tr\/gayrimenkul-hukuku\/","title":{"rendered":"Gayrimenkul Hukuku"},"content":{"rendered":"<div id=\"pl-60\"  class=\"panel-layout\" ><div id=\"pg-60-0\"  class=\"panel-grid panel-no-style\" ><div id=\"pgc-60-0-0\"  class=\"panel-grid-cell\" ><div id=\"panel-60-0-0-0\" class=\"so-panel widget widget_sow-editor panel-first-child panel-last-child\" data-index=\"0\" ><div\n\t\t\t\n\t\t\tclass=\"so-widget-sow-editor so-widget-sow-editor-base\"\n\t\t\t\n\t\t>\n<div class=\"siteorigin-widget-tinymce textwidget\">\n\t<p>&nbsp;<\/p>\n<p>&nbsp;<\/p>\n<p><span style=\"font-family: Arial, serif;\"><span style=\"font-size: medium;\">B\u00fcromuzda, gayrimenkul al\u0131m sat\u0131m\u0131 ve bu s\u00fcre\u00e7te ihtiya\u00e7 duyulan her t\u00fcrl\u00fc s\u00f6zle\u015fmenin d\u00fczenlenmesi ve uygulama a\u015famas\u0131nda ortaya \u00e7\u0131kan sorunlar\u0131n \u00e7\u00f6z\u00fcm\u00fc, ipotek ve irtifak hakk\u0131 gibi ayni haklar\u0131n tesisi, uzun s\u00fcreli kira s\u00f6zle\u015fmesi, konut ve ticari tesis projelerinin sat\u0131\u015flar\u0131 ve benzeri alanlarda hizmet verilmektedir.<\/span><\/span><\/p>\n<\/div>\n<\/div><\/div><\/div><div id=\"pgc-60-0-1\"  class=\"panel-grid-cell\" ><div id=\"panel-60-0-1-0\" class=\"so-panel widget widget_sow-image panel-first-child panel-last-child\" data-index=\"1\" ><div\n\t\t\t\n\t\t\tclass=\"so-widget-sow-image so-widget-sow-image-default-8b5b6f678277-60\"\n\t\t\t\n\t\t>\n<div class=\"sow-image-container\">\n\t\t<img \n\tsrc=\"http:\/\/www.baykurthukukburosu.com.tr\/tr\/wp-content\/uploads\/2019\/03\/home-2956971_640.jpg\" width=\"640\" height=\"426\" srcset=\"http:\/\/www.baykurthukukburosu.com.tr\/tr\/wp-content\/uploads\/2019\/03\/home-2956971_640.jpg 640w, http:\/\/www.baykurthukukburosu.com.tr\/tr\/wp-content\/uploads\/2019\/03\/home-2956971_640-300x200.jpg 300w, http:\/\/www.baykurthukukburosu.com.tr\/tr\/wp-content\/uploads\/2019\/03\/home-2956971_640-272x182.jpg 272w\" sizes=\"(max-width: 640px) 100vw, 640px\" alt=\"\" \t\tclass=\"so-widget-image\"\/>\n\t<\/div>\n\n<\/div><\/div><\/div><\/div><\/div>","protected":false},"excerpt":{"rendered":"<p>&nbsp; &nbsp; B\u00fcromuzda, gayrimenkul al\u0131m sat\u0131m\u0131 ve bu s\u00fcre\u00e7te ihtiya\u00e7 duyulan her t\u00fcrl\u00fc s\u00f6zle\u015fmenin d\u00fczenlenmesi ve uygulama a\u015famas\u0131nda ortaya \u00e7\u0131kan sorunlar\u0131n \u00e7\u00f6z\u00fcm\u00fc, ipotek ve irtifak hakk\u0131 gibi ayni haklar\u0131n tesisi, uzun s\u00fcreli kira s\u00f6zle\u015fmesi, konut ve ticari tesis projelerinin sat\u0131\u015flar\u0131 ve benzeri alanlarda hizmet verilmektedir.<\/p>\n","protected":false},"author":1,"featured_media":0,"parent":0,"menu_order":0,"comment_status":"closed","ping_status":"closed","template":"","meta":[],"_links":{"self":[{"href":"http:\/\/www.baykurthukukburosu.com.tr\/tr\/wp-json\/wp\/v2\/pages\/60"}],"collection":[{"href":"http:\/\/www.baykurthukukburosu.com.tr\/tr\/wp-json\/wp\/v2\/pages"}],"about":[{"href":"http:\/\/www.baykurthukukburosu.com.tr\/tr\/wp-json\/wp\/v2\/types\/page"}],"author":[{"embeddable":true,"href":"http:\/\/www.baykurthukukburosu.com.tr\/tr\/wp-json\/wp\/v2\/users\/1"}],"replies":[{"embeddable":true,"href":"http:\/\/www.baykurthukukburosu.com.tr\/tr\/wp-json\/wp\/v2\/comments?post=60"}],"version-history":[{"count":3,"href":"http:\/\/www.baykurthukukburosu.com.tr\/tr\/wp-json\/wp\/v2\/pages\/60\/revisions"}],"predecessor-version":[{"id":103,"href":"http:\/\/www.baykurthukukburosu.com.tr\/tr\/wp-json\/wp\/v2\/pages\/60\/revisions\/103"}],"wp:attachment":[{"href":"http:\/\/www.baykurthukukburosu.com.tr\/tr\/wp-json\/wp\/v2\/media?parent=60"}],"curies":[{"name":"wp","href":"https:\/\/api.w.org\/{rel}","templated":true}]}}