{"id":64,"date":"2019-03-25T11:21:45","date_gmt":"2019-03-25T08:21:45","guid":{"rendered":"http:\/\/baykurthukukburosu.com.tr\/?page_id=64"},"modified":"2019-03-25T11:22:25","modified_gmt":"2019-03-25T08:22:25","slug":"ceza-hukuku","status":"publish","type":"page","link":"http:\/\/www.baykurthukukburosu.com.tr\/tr\/ceza-hukuku\/","title":{"rendered":"Ceza Hukuku"},"content":{"rendered":"<div id=\"pl-64\"  class=\"panel-layout\" ><div id=\"pg-64-0\"  class=\"panel-grid panel-no-style\" ><div id=\"pgc-64-0-0\"  class=\"panel-grid-cell\" ><div id=\"panel-64-0-0-0\" class=\"so-panel widget widget_sow-editor panel-first-child panel-last-child\" data-index=\"0\" ><div\n\t\t\t\n\t\t\tclass=\"so-widget-sow-editor so-widget-sow-editor-base\"\n\t\t\t\n\t\t>\n<div class=\"siteorigin-widget-tinymce textwidget\">\n\t<p>&nbsp;<\/p>\n<p>&nbsp;<\/p>\n<p><span style=\"font-family: Arial, serif;\"><span style=\"font-size: medium;\">B\u00fcromuz, ki\u015finin hayat b\u00fct\u00fcnl\u00fc\u011f\u00fcne, mal varl\u0131\u011f\u0131na ve beden b\u00fct\u00fcnl\u00fc\u011f\u00fcne kar\u015f\u0131 i\u015flenen su\u00e7lar ile kamu g\u00fcvenli\u011fine kar\u015f\u0131 i\u015flenen su\u00e7larda m\u00fcvekkillerimize gerek soru\u015fturma gerekse kovu\u015fturma a\u015famalar\u0131nda avukatl\u0131k ve dan\u0131\u015fmanl\u0131k hizmeti vermektedir. <\/span><\/span><\/p>\n<\/div>\n<\/div><\/div><\/div><div id=\"pgc-64-0-1\"  class=\"panel-grid-cell\" ><div id=\"panel-64-0-1-0\" class=\"so-panel widget widget_sow-image panel-first-child panel-last-child\" data-index=\"1\" ><div\n\t\t\t\n\t\t\tclass=\"so-widget-sow-image so-widget-sow-image-default-8b5b6f678277-64\"\n\t\t\t\n\t\t>\n<div class=\"sow-image-container\">\n\t\t<img \n\tsrc=\"http:\/\/www.baykurthukukburosu.com.tr\/tr\/wp-content\/uploads\/2019\/03\/anasayfa-foto-2.jpg\" width=\"1000\" height=\"664\" srcset=\"http:\/\/www.baykurthukukburosu.com.tr\/tr\/wp-content\/uploads\/2019\/03\/anasayfa-foto-2.jpg 1000w, http:\/\/www.baykurthukukburosu.com.tr\/tr\/wp-content\/uploads\/2019\/03\/anasayfa-foto-2-300x199.jpg 300w, http:\/\/www.baykurthukukburosu.com.tr\/tr\/wp-content\/uploads\/2019\/03\/anasayfa-foto-2-768x510.jpg 768w, http:\/\/www.baykurthukukburosu.com.tr\/tr\/wp-content\/uploads\/2019\/03\/anasayfa-foto-2-272x182.jpg 272w\" sizes=\"(max-width: 1000px) 100vw, 1000px\" alt=\"\" \t\tclass=\"so-widget-image\"\/>\n\t<\/div>\n\n<\/div><\/div><\/div><\/div><\/div>","protected":false},"excerpt":{"rendered":"<p>&nbsp; &nbsp; B\u00fcromuz, ki\u015finin hayat b\u00fct\u00fcnl\u00fc\u011f\u00fcne, mal varl\u0131\u011f\u0131na ve beden b\u00fct\u00fcnl\u00fc\u011f\u00fcne kar\u015f\u0131 i\u015flenen su\u00e7lar ile kamu g\u00fcvenli\u011fine kar\u015f\u0131 i\u015flenen su\u00e7larda m\u00fcvekkillerimize gerek soru\u015fturma gerekse kovu\u015fturma a\u015famalar\u0131nda avukatl\u0131k ve dan\u0131\u015fmanl\u0131k hizmeti vermektedir.<\/p>\n","protected":false},"author":1,"featured_media":0,"parent":0,"menu_order":0,"comment_status":"closed","ping_status":"closed","template":"","meta":[],"_links":{"self":[{"href":"http:\/\/www.baykurthukukburosu.com.tr\/tr\/wp-json\/wp\/v2\/pages\/64"}],"collection":[{"href":"http:\/\/www.baykurthukukburosu.com.tr\/tr\/wp-json\/wp\/v2\/pages"}],"about":[{"href":"http:\/\/www.baykurthukukburosu.com.tr\/tr\/wp-json\/wp\/v2\/types\/page"}],"author":[{"embeddable":true,"href":"http:\/\/www.baykurthukukburosu.com.tr\/tr\/wp-json\/wp\/v2\/users\/1"}],"replies":[{"embeddable":true,"href":"http:\/\/www.baykurthukukburosu.com.tr\/tr\/wp-json\/wp\/v2\/comments?post=64"}],"version-history":[{"count":3,"href":"http:\/\/www.baykurthukukburosu.com.tr\/tr\/wp-json\/wp\/v2\/pages\/64\/revisions"}],"predecessor-version":[{"id":68,"href":"http:\/\/www.baykurthukukburosu.com.tr\/tr\/wp-json\/wp\/v2\/pages\/64\/revisions\/68"}],"wp:attachment":[{"href":"http:\/\/www.baykurthukukburosu.com.tr\/tr\/wp-json\/wp\/v2\/media?parent=64"}],"curies":[{"name":"wp","href":"https:\/\/api.w.org\/{rel}","templated":true}]}}