{"id":69,"date":"2019-03-25T11:36:01","date_gmt":"2019-03-25T08:36:01","guid":{"rendered":"http:\/\/baykurthukukburosu.com.tr\/?page_id=69"},"modified":"2019-03-25T11:45:55","modified_gmt":"2019-03-25T08:45:55","slug":"icra-iflas-hukuku","status":"publish","type":"page","link":"http:\/\/www.baykurthukukburosu.com.tr\/tr\/icra-iflas-hukuku\/","title":{"rendered":"\u0130cra &#038; \u0130flas Hukuku"},"content":{"rendered":"<div id=\"pl-69\"  class=\"panel-layout\" ><div id=\"pg-69-0\"  class=\"panel-grid panel-no-style\" ><div id=\"pgc-69-0-0\"  class=\"panel-grid-cell\" ><div id=\"panel-69-0-0-0\" class=\"so-panel widget widget_sow-editor panel-first-child panel-last-child\" data-index=\"0\" ><div\n\t\t\t\n\t\t\tclass=\"so-widget-sow-editor so-widget-sow-editor-base\"\n\t\t\t\n\t\t>\n<div class=\"siteorigin-widget-tinymce textwidget\">\n\t<p>&nbsp;<\/p>\n<p>&nbsp;<\/p>\n<p align=\"justify\"><span style=\"font-family: Arial, serif;\"><span style=\"font-size: medium;\">B\u00fcromuz, icra hukukuna ili\u015fkin takip ve i\u015flemler hususunda hukuki hizmet vermekte olup, tasfiye ve bor\u00e7 tahsil\u00e2t\u0131, varl\u0131klar\u0131n kurtar\u0131lmas\u0131 ve elden \u00e7\u0131kar\u0131lmas\u0131, alacakl\u0131lara, bor\u00e7lunun bor\u00e7lar\u0131n\u0131 \u00f6deyemez hale d\u00fc\u015fmesi \u00f6ncesinde ve sonras\u0131nda pozisyonlar\u0131n\u0131 koruma konusunda yapmalar\u0131 gereken i\u015flemler ve takip etmeleri gereken stratejiler konusunda tavsiyelerde bulunulmas\u0131 ve benzeri hususlarda hukuki hizmet sunmaktad\u0131r.<\/span><\/span><\/p>\n<\/div>\n<\/div><\/div><\/div><div id=\"pgc-69-0-1\"  class=\"panel-grid-cell\" ><div id=\"panel-69-0-1-0\" class=\"so-panel widget widget_sow-image panel-first-child panel-last-child\" data-index=\"1\" ><div\n\t\t\t\n\t\t\tclass=\"so-widget-sow-image so-widget-sow-image-default-8b5b6f678277-69\"\n\t\t\t\n\t\t>\n<div class=\"sow-image-container\">\n\t\t<img \n\tsrc=\"http:\/\/www.baykurthukukburosu.com.tr\/tr\/wp-content\/uploads\/2019\/03\/termination-110301_640.jpg\" width=\"640\" height=\"452\" srcset=\"http:\/\/www.baykurthukukburosu.com.tr\/tr\/wp-content\/uploads\/2019\/03\/termination-110301_640.jpg 640w, http:\/\/www.baykurthukukburosu.com.tr\/tr\/wp-content\/uploads\/2019\/03\/termination-110301_640-300x212.jpg 300w\" sizes=\"(max-width: 640px) 100vw, 640px\" alt=\"\" \t\tclass=\"so-widget-image\"\/>\n\t<\/div>\n\n<\/div><\/div><\/div><\/div><\/div>","protected":false},"excerpt":{"rendered":"<p>&nbsp; &nbsp; B\u00fcromuz, icra hukukuna ili\u015fkin takip ve i\u015flemler hususunda hukuki hizmet vermekte olup, tasfiye ve bor\u00e7 tahsil\u00e2t\u0131, varl\u0131klar\u0131n kurtar\u0131lmas\u0131 ve elden \u00e7\u0131kar\u0131lmas\u0131, alacakl\u0131lara, bor\u00e7lunun bor\u00e7lar\u0131n\u0131 \u00f6deyemez hale d\u00fc\u015fmesi \u00f6ncesinde ve sonras\u0131nda pozisyonlar\u0131n\u0131 koruma konusunda yapmalar\u0131 gereken i\u015flemler ve takip etmeleri gereken stratejiler konusunda tavsiyelerde bulunulmas\u0131 ve benzeri hususlarda hukuki hizmet sunmaktad\u0131r.<\/p>\n","protected":false},"author":1,"featured_media":0,"parent":0,"menu_order":0,"comment_status":"closed","ping_status":"closed","template":"","meta":[],"_links":{"self":[{"href":"http:\/\/www.baykurthukukburosu.com.tr\/tr\/wp-json\/wp\/v2\/pages\/69"}],"collection":[{"href":"http:\/\/www.baykurthukukburosu.com.tr\/tr\/wp-json\/wp\/v2\/pages"}],"about":[{"href":"http:\/\/www.baykurthukukburosu.com.tr\/tr\/wp-json\/wp\/v2\/types\/page"}],"author":[{"embeddable":true,"href":"http:\/\/www.baykurthukukburosu.com.tr\/tr\/wp-json\/wp\/v2\/users\/1"}],"replies":[{"embeddable":true,"href":"http:\/\/www.baykurthukukburosu.com.tr\/tr\/wp-json\/wp\/v2\/comments?post=69"}],"version-history":[{"count":3,"href":"http:\/\/www.baykurthukukburosu.com.tr\/tr\/wp-json\/wp\/v2\/pages\/69\/revisions"}],"predecessor-version":[{"id":85,"href":"http:\/\/www.baykurthukukburosu.com.tr\/tr\/wp-json\/wp\/v2\/pages\/69\/revisions\/85"}],"wp:attachment":[{"href":"http:\/\/www.baykurthukukburosu.com.tr\/tr\/wp-json\/wp\/v2\/media?parent=69"}],"curies":[{"name":"wp","href":"https:\/\/api.w.org\/{rel}","templated":true}]}}