{"id":73,"date":"2019-03-25T11:39:39","date_gmt":"2019-03-25T08:39:39","guid":{"rendered":"http:\/\/baykurthukukburosu.com.tr\/?page_id=73"},"modified":"2019-03-29T09:15:27","modified_gmt":"2019-03-29T06:15:27","slug":"tuketici-hukuku","status":"publish","type":"page","link":"http:\/\/www.baykurthukukburosu.com.tr\/tr\/tuketici-hukuku\/","title":{"rendered":"T\u00fcketici Hukuku"},"content":{"rendered":"<div id=\"pl-73\"  class=\"panel-layout\" ><div id=\"pg-73-0\"  class=\"panel-grid panel-no-style\" ><div id=\"pgc-73-0-0\"  class=\"panel-grid-cell\" ><div id=\"panel-73-0-0-0\" class=\"so-panel widget widget_sow-editor panel-first-child panel-last-child\" data-index=\"0\" ><div\n\t\t\t\n\t\t\tclass=\"so-widget-sow-editor so-widget-sow-editor-base\"\n\t\t\t\n\t\t>\n<div class=\"siteorigin-widget-tinymce textwidget\">\n\t<p>&nbsp;<\/p>\n<p align=\"justify\"><span style=\"font-family: Arial, serif;\"><span style=\"font-size: medium;\">B\u00fcromuz,<\/span><\/span><b> <\/b><span style=\"font-family: Arial, serif;\"><span style=\"font-size: medium;\">\u00fclke sanayinin ve ticaretin geli\u015fmesi; \u00f6zellikle seri \u00fcretim-seri sat\u0131\u015f usullerinin yo\u011funla\u015fmas\u0131 ile son d\u00f6nemde \u00fclke ekonomilerinin korunmas\u0131 ve sa\u011fl\u0131kl\u0131 bir ticari hayat\u0131n olu\u015fmas\u0131nda \u00f6nemli bir yer tutan t\u00fcketici haklar\u0131 hususunda, uzman ve tecr\u00fcbeli kadrosu ile m\u00fcvekkillerinin ekonomik haklar\u0131n\u0131 korumak hususunda dava\u00a0 vekilli\u011fi ve dan\u0131\u015fmanl\u0131k hizmeti olarak her t\u00fcrl\u00fc hukuki hizmeti sunmaktad\u0131r.<\/span><\/span><\/p>\n<\/div>\n<\/div><\/div><\/div><div id=\"pgc-73-0-1\"  class=\"panel-grid-cell\" ><div id=\"panel-73-0-1-0\" class=\"so-panel widget widget_sow-image panel-first-child panel-last-child\" data-index=\"1\" ><div\n\t\t\t\n\t\t\tclass=\"so-widget-sow-image so-widget-sow-image-default-8b5b6f678277-73\"\n\t\t\t\n\t\t>\n<div class=\"sow-image-container\">\n\t\t<img \n\tsrc=\"http:\/\/www.baykurthukukburosu.com.tr\/tr\/wp-content\/uploads\/2019\/03\/ecommerce-2140603_640.jpg\" width=\"640\" height=\"274\" srcset=\"http:\/\/www.baykurthukukburosu.com.tr\/tr\/wp-content\/uploads\/2019\/03\/ecommerce-2140603_640.jpg 640w, http:\/\/www.baykurthukukburosu.com.tr\/tr\/wp-content\/uploads\/2019\/03\/ecommerce-2140603_640-300x128.jpg 300w\" sizes=\"(max-width: 640px) 100vw, 640px\" alt=\"\" \t\tclass=\"so-widget-image\"\/>\n\t<\/div>\n\n<\/div><\/div><\/div><\/div><div id=\"pg-73-1\"  class=\"panel-grid panel-no-style\" ><div id=\"pgc-73-1-0\"  class=\"panel-grid-cell\" ><div id=\"panel-73-1-0-0\" class=\"so-panel widget widget_sow-editor panel-first-child panel-last-child\" data-index=\"2\" ><div\n\t\t\t\n\t\t\tclass=\"so-widget-sow-editor so-widget-sow-editor-base\"\n\t\t\t\n\t\t>\n<div class=\"siteorigin-widget-tinymce textwidget\">\n\t<p>&nbsp;<\/p>\n<p>&nbsp;<\/p>\n<\/div>\n<\/div><\/div><\/div><\/div><\/div>","protected":false},"excerpt":{"rendered":"<p>&nbsp; B\u00fcromuz, \u00fclke sanayinin ve ticaretin geli\u015fmesi; \u00f6zellikle seri \u00fcretim-seri sat\u0131\u015f usullerinin yo\u011funla\u015fmas\u0131 ile son d\u00f6nemde \u00fclke ekonomilerinin korunmas\u0131 ve sa\u011fl\u0131kl\u0131 bir ticari hayat\u0131n olu\u015fmas\u0131nda \u00f6nemli bir yer tutan t\u00fcketici haklar\u0131 hususunda, uzman ve tecr\u00fcbeli kadrosu ile m\u00fcvekkillerinin ekonomik haklar\u0131n\u0131 korumak hususunda dava\u00a0 vekilli\u011fi ve dan\u0131\u015fmanl\u0131k hizmeti olarak her t\u00fcrl\u00fc hukuki hizmeti sunmaktad\u0131r. &nbsp; &nbsp;<\/p>\n","protected":false},"author":1,"featured_media":0,"parent":0,"menu_order":0,"comment_status":"closed","ping_status":"closed","template":"","meta":[],"_links":{"self":[{"href":"http:\/\/www.baykurthukukburosu.com.tr\/tr\/wp-json\/wp\/v2\/pages\/73"}],"collection":[{"href":"http:\/\/www.baykurthukukburosu.com.tr\/tr\/wp-json\/wp\/v2\/pages"}],"about":[{"href":"http:\/\/www.baykurthukukburosu.com.tr\/tr\/wp-json\/wp\/v2\/types\/page"}],"author":[{"embeddable":true,"href":"http:\/\/www.baykurthukukburosu.com.tr\/tr\/wp-json\/wp\/v2\/users\/1"}],"replies":[{"embeddable":true,"href":"http:\/\/www.baykurthukukburosu.com.tr\/tr\/wp-json\/wp\/v2\/comments?post=73"}],"version-history":[{"count":7,"href":"http:\/\/www.baykurthukukburosu.com.tr\/tr\/wp-json\/wp\/v2\/pages\/73\/revisions"}],"predecessor-version":[{"id":102,"href":"http:\/\/www.baykurthukukburosu.com.tr\/tr\/wp-json\/wp\/v2\/pages\/73\/revisions\/102"}],"wp:attachment":[{"href":"http:\/\/www.baykurthukukburosu.com.tr\/tr\/wp-json\/wp\/v2\/media?parent=73"}],"curies":[{"name":"wp","href":"https:\/\/api.w.org\/{rel}","templated":true}]}}