{"id":81,"date":"2019-03-25T11:44:55","date_gmt":"2019-03-25T08:44:55","guid":{"rendered":"http:\/\/baykurthukukburosu.com.tr\/?page_id=81"},"modified":"2019-03-25T11:44:56","modified_gmt":"2019-03-25T08:44:56","slug":"fikri-mulkiyet-hukuku","status":"publish","type":"page","link":"http:\/\/www.baykurthukukburosu.com.tr\/tr\/fikri-mulkiyet-hukuku\/","title":{"rendered":"Fikri M\u00fclkiyet Hukuku"},"content":{"rendered":"<div id=\"pl-81\"  class=\"panel-layout\" ><div id=\"pg-81-0\"  class=\"panel-grid panel-no-style\" ><div id=\"pgc-81-0-0\"  class=\"panel-grid-cell\" ><div id=\"panel-81-0-0-0\" class=\"so-panel widget widget_sow-editor panel-first-child panel-last-child\" data-index=\"0\" ><div\n\t\t\t\n\t\t\tclass=\"so-widget-sow-editor so-widget-sow-editor-base\"\n\t\t\t\n\t\t>\n<div class=\"siteorigin-widget-tinymce textwidget\">\n\t<p>&nbsp;<\/p>\n<p>&nbsp;<\/p>\n<p><span style=\"font-family: Arial, serif;\"><span style=\"font-size: medium;\">B\u00fcromuz, fikri m\u00fclkiyet haklar\u0131n\u0131n korunmas\u0131 ve hak ihlallerinin \u00f6nlenmesine ili\u015fkin ilgili s\u00f6zle\u015fmelerin haz\u0131rlanmas\u0131 ve davalar\u0131n takibi hususlar\u0131nda m\u00fcvekkillerine dan\u0131\u015fmanl\u0131k hizmeti vermektedir.<\/span><\/span><\/p>\n<\/div>\n<\/div><\/div><\/div><div id=\"pgc-81-0-1\"  class=\"panel-grid-cell\" ><div id=\"panel-81-0-1-0\" class=\"so-panel widget widget_sow-image panel-first-child panel-last-child\" data-index=\"1\" ><div\n\t\t\t\n\t\t\tclass=\"so-widget-sow-image so-widget-sow-image-default-8b5b6f678277-81\"\n\t\t\t\n\t\t>\n<div class=\"sow-image-container\">\n\t\t<img \n\tsrc=\"http:\/\/www.baykurthukukburosu.com.tr\/tr\/wp-content\/uploads\/2019\/03\/anasayfa-foto-at.jpg\" width=\"1000\" height=\"664\" srcset=\"http:\/\/www.baykurthukukburosu.com.tr\/tr\/wp-content\/uploads\/2019\/03\/anasayfa-foto-at.jpg 1000w, http:\/\/www.baykurthukukburosu.com.tr\/tr\/wp-content\/uploads\/2019\/03\/anasayfa-foto-at-300x199.jpg 300w, http:\/\/www.baykurthukukburosu.com.tr\/tr\/wp-content\/uploads\/2019\/03\/anasayfa-foto-at-768x510.jpg 768w, http:\/\/www.baykurthukukburosu.com.tr\/tr\/wp-content\/uploads\/2019\/03\/anasayfa-foto-at-272x182.jpg 272w\" sizes=\"(max-width: 1000px) 100vw, 1000px\" alt=\"\" \t\tclass=\"so-widget-image\"\/>\n\t<\/div>\n\n<\/div><\/div><\/div><\/div><\/div>","protected":false},"excerpt":{"rendered":"<p>&nbsp; &nbsp; B\u00fcromuz, fikri m\u00fclkiyet haklar\u0131n\u0131n korunmas\u0131 ve hak ihlallerinin \u00f6nlenmesine ili\u015fkin ilgili s\u00f6zle\u015fmelerin haz\u0131rlanmas\u0131 ve davalar\u0131n takibi hususlar\u0131nda m\u00fcvekkillerine dan\u0131\u015fmanl\u0131k hizmeti vermektedir.<\/p>\n","protected":false},"author":1,"featured_media":0,"parent":0,"menu_order":0,"comment_status":"closed","ping_status":"closed","template":"","meta":[],"_links":{"self":[{"href":"http:\/\/www.baykurthukukburosu.com.tr\/tr\/wp-json\/wp\/v2\/pages\/81"}],"collection":[{"href":"http:\/\/www.baykurthukukburosu.com.tr\/tr\/wp-json\/wp\/v2\/pages"}],"about":[{"href":"http:\/\/www.baykurthukukburosu.com.tr\/tr\/wp-json\/wp\/v2\/types\/page"}],"author":[{"embeddable":true,"href":"http:\/\/www.baykurthukukburosu.com.tr\/tr\/wp-json\/wp\/v2\/users\/1"}],"replies":[{"embeddable":true,"href":"http:\/\/www.baykurthukukburosu.com.tr\/tr\/wp-json\/wp\/v2\/comments?post=81"}],"version-history":[{"count":2,"href":"http:\/\/www.baykurthukukburosu.com.tr\/tr\/wp-json\/wp\/v2\/pages\/81\/revisions"}],"predecessor-version":[{"id":83,"href":"http:\/\/www.baykurthukukburosu.com.tr\/tr\/wp-json\/wp\/v2\/pages\/81\/revisions\/83"}],"wp:attachment":[{"href":"http:\/\/www.baykurthukukburosu.com.tr\/tr\/wp-json\/wp\/v2\/media?parent=81"}],"curies":[{"name":"wp","href":"https:\/\/api.w.org\/{rel}","templated":true}]}}