{"id":86,"date":"2019-03-25T11:48:06","date_gmt":"2019-03-25T08:48:06","guid":{"rendered":"http:\/\/baykurthukukburosu.com.tr\/?page_id=86"},"modified":"2019-03-25T11:48:07","modified_gmt":"2019-03-25T08:48:07","slug":"aile-ve-miras-hukuku","status":"publish","type":"page","link":"http:\/\/www.baykurthukukburosu.com.tr\/tr\/aile-ve-miras-hukuku\/","title":{"rendered":"Aile ve Miras Hukuku"},"content":{"rendered":"<div id=\"pl-86\"  class=\"panel-layout\" ><div id=\"pg-86-0\"  class=\"panel-grid panel-no-style\" ><div id=\"pgc-86-0-0\"  class=\"panel-grid-cell\" ><div id=\"panel-86-0-0-0\" class=\"so-panel widget widget_sow-editor panel-first-child panel-last-child\" data-index=\"0\" ><div\n\t\t\t\n\t\t\tclass=\"so-widget-sow-editor so-widget-sow-editor-base\"\n\t\t\t\n\t\t>\n<div class=\"siteorigin-widget-tinymce textwidget\">\n\t<p>&nbsp;<\/p>\n<p><span style=\"font-family: Arial, serif;\"><span style=\"font-size: medium;\">B\u00fcromuz, anla\u015fmal\u0131 ve \u00e7eki\u015fmeli bo\u015fanma davalar\u0131nda m\u00fcvekkillerini temsil etmekte ve ayr\u0131ca nafaka talepleri ile velayet ve mal payla\u015f\u0131m\u0131 sorunlar\u0131n\u0131n \u00e7\u00f6z\u00fcmlenmesi, isim ve ya\u015f de\u011fi\u015fikli\u011fi davalar\u0131, vesayet kararlar\u0131 ve vasilikten do\u011fan uyu\u015fmazl\u0131klar\u0131n \u00e7\u00f6z\u00fcmlenmesi, yabanc\u0131 mahkemelerce verilen bo\u015fanma kararlar\u0131n\u0131n tan\u0131nmas\u0131 ve tenfizi ile aile hukukundan kaynaklanan di\u011fer uyu\u015fmazl\u0131klar\u0131n \u00e7\u00f6z\u00fcm\u00fc hususunda m\u00fcvekkillerine hukuki hizmet vermektedir.<\/span><\/span><\/p>\n<\/div>\n<\/div><\/div><\/div><div id=\"pgc-86-0-1\"  class=\"panel-grid-cell\" ><div id=\"panel-86-0-1-0\" class=\"so-panel widget widget_sow-image panel-first-child panel-last-child\" data-index=\"1\" ><div\n\t\t\t\n\t\t\tclass=\"so-widget-sow-image so-widget-sow-image-default-8b5b6f678277-86\"\n\t\t\t\n\t\t>\n<div class=\"sow-image-container\">\n\t\t<img \n\tsrc=\"http:\/\/www.baykurthukukburosu.com.tr\/tr\/wp-content\/uploads\/2019\/03\/family-2485714_640.jpg\" width=\"640\" height=\"426\" srcset=\"http:\/\/www.baykurthukukburosu.com.tr\/tr\/wp-content\/uploads\/2019\/03\/family-2485714_640.jpg 640w, http:\/\/www.baykurthukukburosu.com.tr\/tr\/wp-content\/uploads\/2019\/03\/family-2485714_640-300x200.jpg 300w, http:\/\/www.baykurthukukburosu.com.tr\/tr\/wp-content\/uploads\/2019\/03\/family-2485714_640-272x182.jpg 272w\" sizes=\"(max-width: 640px) 100vw, 640px\" alt=\"\" \t\tclass=\"so-widget-image\"\/>\n\t<\/div>\n\n<\/div><\/div><\/div><\/div><\/div>","protected":false},"excerpt":{"rendered":"<p>&nbsp; B\u00fcromuz, anla\u015fmal\u0131 ve \u00e7eki\u015fmeli bo\u015fanma davalar\u0131nda m\u00fcvekkillerini temsil etmekte ve ayr\u0131ca nafaka talepleri ile velayet ve mal payla\u015f\u0131m\u0131 sorunlar\u0131n\u0131n \u00e7\u00f6z\u00fcmlenmesi, isim ve ya\u015f de\u011fi\u015fikli\u011fi davalar\u0131, vesayet kararlar\u0131 ve vasilikten do\u011fan uyu\u015fmazl\u0131klar\u0131n \u00e7\u00f6z\u00fcmlenmesi, yabanc\u0131 mahkemelerce verilen bo\u015fanma kararlar\u0131n\u0131n tan\u0131nmas\u0131 ve tenfizi ile aile hukukundan kaynaklanan di\u011fer uyu\u015fmazl\u0131klar\u0131n \u00e7\u00f6z\u00fcm\u00fc hususunda m\u00fcvekkillerine hukuki hizmet vermektedir.<\/p>\n","protected":false},"author":1,"featured_media":0,"parent":0,"menu_order":0,"comment_status":"closed","ping_status":"closed","template":"","meta":[],"_links":{"self":[{"href":"http:\/\/www.baykurthukukburosu.com.tr\/tr\/wp-json\/wp\/v2\/pages\/86"}],"collection":[{"href":"http:\/\/www.baykurthukukburosu.com.tr\/tr\/wp-json\/wp\/v2\/pages"}],"about":[{"href":"http:\/\/www.baykurthukukburosu.com.tr\/tr\/wp-json\/wp\/v2\/types\/page"}],"author":[{"embeddable":true,"href":"http:\/\/www.baykurthukukburosu.com.tr\/tr\/wp-json\/wp\/v2\/users\/1"}],"replies":[{"embeddable":true,"href":"http:\/\/www.baykurthukukburosu.com.tr\/tr\/wp-json\/wp\/v2\/comments?post=86"}],"version-history":[{"count":2,"href":"http:\/\/www.baykurthukukburosu.com.tr\/tr\/wp-json\/wp\/v2\/pages\/86\/revisions"}],"predecessor-version":[{"id":89,"href":"http:\/\/www.baykurthukukburosu.com.tr\/tr\/wp-json\/wp\/v2\/pages\/86\/revisions\/89"}],"wp:attachment":[{"href":"http:\/\/www.baykurthukukburosu.com.tr\/tr\/wp-json\/wp\/v2\/media?parent=86"}],"curies":[{"name":"wp","href":"https:\/\/api.w.org\/{rel}","templated":true}]}}