{"id":94,"date":"2019-03-25T12:05:23","date_gmt":"2019-03-25T09:05:23","guid":{"rendered":"http:\/\/baykurthukukburosu.com.tr\/?page_id=94"},"modified":"2019-04-08T15:09:49","modified_gmt":"2019-04-08T12:09:49","slug":"iletisim","status":"publish","type":"page","link":"http:\/\/www.baykurthukukburosu.com.tr\/tr\/iletisim\/","title":{"rendered":"\u0130leti\u015fim"},"content":{"rendered":"<div id=\"pl-94\"  class=\"panel-layout\" ><div id=\"pg-94-0\"  class=\"panel-grid panel-no-style\" ><div id=\"pgc-94-0-0\"  class=\"panel-grid-cell\" ><div id=\"panel-94-0-0-0\" class=\"widget_text so-panel widget widget_custom_html panel-first-child panel-last-child\" data-index=\"0\" ><div class=\"textwidget custom-html-widget\"><div class=\"container\">\n\t\n\n<div class=\"row\">\n                        <div class=\"col-md-12 contact-info\">\n\t\t\t\t\t\t\t<div class=\"row text-center\">\n\t\t\t\t\t\t\t\t<address class=\"col-sm-4 col-md-4\">\n\t\t\t\t\t\t\t\t\t<i class=\"fa fa-map-marker i-9x icons-circle text-color light-bg hover-black\"><\/i>\n\t\t\t\t\t\t\t\t\t<div class=\"title\">Adres<\/div>\n\t\t\t\t\t\t\t\t\tEsat Caddesi No:34\/5 K\u00fc\u00e7\u00fckesat\/Ankara\n\t\t\t\t\t\t\t\t<\/address>\n\t\t\t\t\t\t\t\t<address class=\"col-sm-4 col-md-4\">\n\t\t\t\t\t\t\t\t\t<i class=\"fa fa-microphone i-9x icons-circle text-color light-bg hover-black\"><\/i>\n\t\t\t\t\t\t\t\t\t<div class=\"title\">Telefon<\/div>\n\t\t\t\t\t\t\t\t\t<div>0312 425 10 68 \u2013 0312 425 10 78<\/div>\n\t\t\t\t\t\t\t\t\t\n\t\t\t\t\t\t\t\t\t<div>Fax: 0312 425 10 88<\/div>\n\t\t\t\t\t\t\t\t<\/address>\n\t\t\t\t\t\t\t\t<address class=\"col-sm-4 col-md-4\">\n\t\t\t\t\t\t\t\t\t<i class=\"fa fa-envelope i-9x icons-circle text-color light-bg hover-black\"><\/i>\n\t\t\t\t\t\t\t\t\t<div class=\"title\">Email<\/div>\n\t\t\t\t\t\t\t\t\t<div> <a href=\"mailto:info@emrebaykurt.av.tr\">info@emrebaykurt.av.tr<\/a><\/div>\n\t\t\t\t\t\t\t\t<\/address>\n\t\t\t\t\t\t\t<\/div>\n\t\t\t\t\t\t<\/div>\n\t\t\t\t\t<\/div>\n\t<\/div><\/div><\/div><\/div><\/div><div id=\"pg-94-1\"  class=\"panel-grid panel-no-style\" ><div id=\"pgc-94-1-0\"  class=\"panel-grid-cell\" ><div id=\"panel-94-1-0-0\" class=\"so-panel widget widget_sow-editor panel-first-child panel-last-child\" data-index=\"1\" ><div\n\t\t\t\n\t\t\tclass=\"so-widget-sow-editor so-widget-sow-editor-base\"\n\t\t\t\n\t\t>\n<div class=\"siteorigin-widget-tinymce textwidget\">\n\t\n<div class=\"wpcf7 no-js\" id=\"wpcf7-f105-o1\" lang=\"tr-TR\" dir=\"ltr\">\n<div class=\"screen-reader-response\"><p role=\"status\" aria-live=\"polite\" aria-atomic=\"true\"><\/p> <ul><\/ul><\/div>\n<form action=\"\/tr\/wp-json\/wp\/v2\/pages\/94#wpcf7-f105-o1\" method=\"post\" class=\"wpcf7-form init\" aria-label=\"Contact form\" novalidate=\"novalidate\" data-status=\"init\">\n<div style=\"display: none;\">\n<input type=\"hidden\" name=\"_wpcf7\" value=\"105\" \/>\n<input type=\"hidden\" name=\"_wpcf7_version\" value=\"5.7.7\" \/>\n<input type=\"hidden\" name=\"_wpcf7_locale\" value=\"tr_TR\" \/>\n<input type=\"hidden\" name=\"_wpcf7_unit_tag\" value=\"wpcf7-f105-o1\" \/>\n<input type=\"hidden\" name=\"_wpcf7_container_post\" value=\"0\" \/>\n<input type=\"hidden\" name=\"_wpcf7_posted_data_hash\" value=\"\" \/>\n<\/div>\n<p><label> Ad\u0131n\u0131z (gerekli)<br \/>\n<span class=\"wpcf7-form-control-wrap\" data-name=\"your-name\"><input size=\"40\" class=\"wpcf7-form-control wpcf7-text wpcf7-validates-as-required\" aria-required=\"true\" aria-invalid=\"false\" value=\"\" type=\"text\" name=\"your-name\" \/><\/span> <\/label>\n<\/p>\n<p><label> E-posta adresiniz (gerekli)<br \/>\n<span class=\"wpcf7-form-control-wrap\" data-name=\"your-email\"><input size=\"40\" class=\"wpcf7-form-control wpcf7-text wpcf7-email wpcf7-validates-as-required wpcf7-validates-as-email\" aria-required=\"true\" aria-invalid=\"false\" value=\"\" type=\"email\" name=\"your-email\" \/><\/span> <\/label>\n<\/p>\n<p><label> Konu<br \/>\n<span class=\"wpcf7-form-control-wrap\" data-name=\"your-subject\"><input size=\"40\" class=\"wpcf7-form-control wpcf7-text\" aria-invalid=\"false\" value=\"\" type=\"text\" name=\"your-subject\" \/><\/span> <\/label>\n<\/p>\n<p><label> Mesaj\u0131n\u0131z<br \/>\n<span class=\"wpcf7-form-control-wrap\" data-name=\"your-message\"><textarea cols=\"40\" rows=\"10\" class=\"wpcf7-form-control wpcf7-textarea\" aria-invalid=\"false\" name=\"your-message\"><\/textarea><\/span> <\/label>\n<\/p>\n<p><button class=\"button-default\" style=\"border:1px solid #d7b46a; background:#d7b46a;\"><input class=\"wpcf7-form-control has-spinner wpcf7-submit\" type=\"submit\" value=\"G\u00f6nder\" \/> <\/button>\n<\/p><div class=\"wpcf7-response-output\" aria-hidden=\"true\"><\/div>\n<\/form>\n<\/div>\n\n<\/div>\n<\/div><\/div><\/div><div id=\"pgc-94-1-1\"  class=\"panel-grid-cell\" ><div id=\"panel-94-1-1-0\" class=\"widget_text so-panel widget widget_custom_html panel-first-child panel-last-child\" data-index=\"2\" ><div class=\"textwidget custom-html-widget\"><iframe src=\"https:\/\/www.google.com\/maps\/embed?pb=!1m18!1m12!1m3!1d3060.2894123545757!2d32.85695731487792!3d39.91253909407305!2m3!1f0!2f0!3f0!3m2!1i1024!2i768!4f13.1!3m3!1m2!1s0x14d34fa8ccdeb7f9%3A0xd65f2f3d21e96c5a!2sKavakl%C4%B1dere+Mahallesi%2C+Esat+Cd.+No%3A34%2C+06680+%C3%87ankaya%2FAnkara!5e0!3m2!1str!2str!4v1553504700402\" width=\"100%\" height=\"350\" frameborder=\"0\" style=\"border:0\" allowfullscreen><\/iframe><\/div><\/div><\/div><\/div><\/div>","protected":false},"excerpt":{"rendered":"<p>Adres Esat Caddesi No:34\/5 K\u00fc\u00e7\u00fckesat\/Ankara Telefon 0312 425 10 68 \u2013 0312 425 10 78 Fax: 0312 425 10 88 Email info@emrebaykurt.av.tr Ad\u0131n\u0131z (gerekli) E-posta adresiniz (gerekli) Konu Mesaj\u0131n\u0131z<\/p>\n","protected":false},"author":1,"featured_media":0,"parent":0,"menu_order":0,"comment_status":"closed","ping_status":"closed","template":"","meta":[],"_links":{"self":[{"href":"http:\/\/www.baykurthukukburosu.com.tr\/tr\/wp-json\/wp\/v2\/pages\/94"}],"collection":[{"href":"http:\/\/www.baykurthukukburosu.com.tr\/tr\/wp-json\/wp\/v2\/pages"}],"about":[{"href":"http:\/\/www.baykurthukukburosu.com.tr\/tr\/wp-json\/wp\/v2\/types\/page"}],"author":[{"embeddable":true,"href":"http:\/\/www.baykurthukukburosu.com.tr\/tr\/wp-json\/wp\/v2\/users\/1"}],"replies":[{"embeddable":true,"href":"http:\/\/www.baykurthukukburosu.com.tr\/tr\/wp-json\/wp\/v2\/comments?post=94"}],"version-history":[{"count":9,"href":"http:\/\/www.baykurthukukburosu.com.tr\/tr\/wp-json\/wp\/v2\/pages\/94\/revisions"}],"predecessor-version":[{"id":107,"href":"http:\/\/www.baykurthukukburosu.com.tr\/tr\/wp-json\/wp\/v2\/pages\/94\/revisions\/107"}],"wp:attachment":[{"href":"http:\/\/www.baykurthukukburosu.com.tr\/tr\/wp-json\/wp\/v2\/media?parent=94"}],"curies":[{"name":"wp","href":"https:\/\/api.w.org\/{rel}","templated":true}]}}